{"id":2,"date":"2012-12-29T12:25:53","date_gmt":"2012-12-29T17:25:53","guid":{"rendered":"http:\/\/helloeveryone.org\/jen\/?page_id=2"},"modified":"2013-04-11T02:19:40","modified_gmt":"2013-04-11T02:19:40","slug":"about","status":"publish","type":"page","link":"https:\/\/annikakrausz.com\/fr\/about\/","title":{"rendered":"\u00c0 propos"},"content":{"rendered":"<p>N\u00e9e \u00e0 Montr\u00e9al, j&rsquo;ai travaill\u00e9 pendant 12 ans en tant que d\u00e9coratrice sur des plateaux de cin\u00e9ma avant de me lancer dans la d\u00e9coration d&rsquo;espaces commerciaux et r\u00e9sidentiels. <\/p>\n<p>J&rsquo;aime l&rsquo;opposition de styles et d&rsquo;\u00e9poques: m\u00e9langer le chin\u00e9 aux pi\u00e8ces contemporaines, le cher \u00e0 l&rsquo; abordable. Je peux r\u00e9aliser une nouvelle conception d&rsquo;espace, g\u00e9rer vos r\u00e9novations ou simplement r\u00e9am\u00e9nager un espace existant pour r\u00e9pondre aux budgets plus restraints. <\/p>\n<p>Je suis \u00e9galement la maman de deux jeunes enfants et co-propri\u00e9taire avec mon conjoint du restaurant Lawrence (<a href=\"http:\/\/lawrencerestaurant.com\/\" target=\"_blank\">http:\/\/lawrencerestaurant.<wbr \/>com\/<\/a>).<\/p>","protected":false},"excerpt":{"rendered":"<p>N\u00e9e \u00e0 Montr\u00e9al, j&rsquo;ai travaill\u00e9 pendant 12 ans en tant que d\u00e9coratrice sur des plateaux de cin\u00e9ma avant de me lancer dans la d\u00e9coration d&rsquo;espaces commerciaux et r\u00e9sidentiels. J&rsquo;aime l&rsquo;opposition de styles et d&rsquo;\u00e9poques: m\u00e9langer le chin\u00e9 aux pi\u00e8ces contemporaines, le cher \u00e0 l&rsquo; abordable. Je peux r\u00e9aliser une nouvelle conception d&rsquo;espace, g\u00e9rer vos r\u00e9novations [&hellip;]<\/p>\n","protected":false},"author":1,"featured_media":0,"parent":0,"menu_order":0,"comment_status":"open","ping_status":"open","template":"","meta":{"ngg_post_thumbnail":0},"yoast_head":"<!-- This site is optimized with the Yoast SEO plugin v14.3 - https:\/\/yoast.com\/wordpress\/plugins\/seo\/ -->\n<meta name=\"robots\" content=\"index, follow\" \/>\n<meta name=\"googlebot\" content=\"index, follow, max-snippet:-1, max-image-preview:large, max-video-preview:-1\" \/>\n<meta name=\"bingbot\" content=\"index, follow, max-snippet:-1, max-image-preview:large, max-video-preview:-1\" \/>\n<link rel=\"canonical\" href=\"http:\/\/annikakrausz.com\/fr\/about\/\" \/>\n<meta property=\"og:locale\" content=\"fr_FR\" \/>\n<meta property=\"og:type\" content=\"article\" \/>\n<meta property=\"og:title\" content=\"About Annika Krausz, Montreal decorator\" \/>\n<meta property=\"og:description\" content=\"N\u00e9e \u00e0 Montr\u00e9al, j&rsquo;ai travaill\u00e9 pendant 12 ans en tant que d\u00e9coratrice sur des plateaux de cin\u00e9ma avant de me lancer dans la d\u00e9coration d&rsquo;espaces commerciaux et r\u00e9sidentiels. J&rsquo;aime l&rsquo;opposition de styles et d&rsquo;\u00e9poques: m\u00e9langer le chin\u00e9 aux pi\u00e8ces contemporaines, le cher \u00e0 l&rsquo; abordable. Je peux r\u00e9aliser une nouvelle conception d&rsquo;espace, g\u00e9rer vos r\u00e9novations [&hellip;]\" \/>\n<meta property=\"og:url\" content=\"http:\/\/annikakrausz.com\/fr\/about\/\" \/>\n<meta property=\"og:site_name\" content=\"Annika Krausz\" \/>\n<meta property=\"article:modified_time\" content=\"2013-04-11T02:19:40+00:00\" \/>\n<script type=\"application\/ld+json\" class=\"yoast-schema-graph\">{\"@context\":\"https:\/\/schema.org\",\"@graph\":[{\"@type\":\"WebSite\",\"@id\":\"https:\/\/annikakrausz.com\/fr\/#website\",\"url\":\"https:\/\/annikakrausz.com\/fr\/\",\"name\":\"Annika Krausz\",\"description\":\"DESIGN D\\u2019INT\\u00c9RIEURS\",\"potentialAction\":[{\"@type\":\"SearchAction\",\"target\":\"https:\/\/annikakrausz.com\/fr\/?s={search_term_string}\",\"query-input\":\"required name=search_term_string\"}],\"inLanguage\":\"fr-FR\"},{\"@type\":\"WebPage\",\"@id\":\"http:\/\/annikakrausz.com\/fr\/about\/#webpage\",\"url\":\"http:\/\/annikakrausz.com\/fr\/about\/\",\"name\":\"About Annika Krausz, Montreal decorator\",\"isPartOf\":{\"@id\":\"https:\/\/annikakrausz.com\/fr\/#website\"},\"datePublished\":\"2012-12-29T17:25:53+00:00\",\"dateModified\":\"2013-04-11T02:19:40+00:00\",\"inLanguage\":\"fr-FR\",\"potentialAction\":[{\"@type\":\"ReadAction\",\"target\":[\"http:\/\/annikakrausz.com\/fr\/about\/\"]}]}]}<\/script>\n<!-- \/ Yoast SEO plugin. -->","_links":{"self":[{"href":"https:\/\/annikakrausz.com\/fr\/wp-json\/wp\/v2\/pages\/2"}],"collection":[{"href":"https:\/\/annikakrausz.com\/fr\/wp-json\/wp\/v2\/pages"}],"about":[{"href":"https:\/\/annikakrausz.com\/fr\/wp-json\/wp\/v2\/types\/page"}],"author":[{"embeddable":true,"href":"https:\/\/annikakrausz.com\/fr\/wp-json\/wp\/v2\/users\/1"}],"replies":[{"embeddable":true,"href":"https:\/\/annikakrausz.com\/fr\/wp-json\/wp\/v2\/comments?post=2"}],"version-history":[{"count":24,"href":"https:\/\/annikakrausz.com\/fr\/wp-json\/wp\/v2\/pages\/2\/revisions"}],"predecessor-version":[{"id":341,"href":"https:\/\/annikakrausz.com\/fr\/wp-json\/wp\/v2\/pages\/2\/revisions\/341"}],"wp:attachment":[{"href":"https:\/\/annikakrausz.com\/fr\/wp-json\/wp\/v2\/media?parent=2"}],"curies":[{"name":"wp","href":"https:\/\/api.w.org\/{rel}","templated":true}]}}